{"id":39,"date":"2023-06-28T12:32:21","date_gmt":"2023-06-28T10:32:21","guid":{"rendered":"https:\/\/monaideinformatique.fr\/curios\/?page_id=39"},"modified":"2023-11-30T23:58:02","modified_gmt":"2023-11-30T22:58:02","slug":"collection-curios","status":"publish","type":"page","link":"https:\/\/monaideinformatique.fr\/curios\/collection-curios\/","title":{"rendered":"Collection"},"content":{"rendered":"\t\t<div data-elementor-type=\"wp-page\" data-elementor-id=\"39\" class=\"elementor elementor-39\">\n\t\t\t\t\t\t\t<div class=\"elementor-element elementor-element-deebbc0 e-flex e-con-boxed wpr-particle-no wpr-jarallax-no wpr-parallax-no wpr-sticky-section-no e-con e-parent\" data-id=\"deebbc0\" data-element_type=\"container\" data-settings=\"{&quot;content_width&quot;:&quot;boxed&quot;}\" data-core-v316-plus=\"true\">\n\t\t\t\t\t<div class=\"e-con-inner\">\n\t\t\t\t<div class=\"elementor-element elementor-element-e03e607 elementor-widget elementor-widget-video\" data-id=\"e03e607\" data-element_type=\"widget\" data-settings=\"{&quot;youtube_url&quot;:&quot;https:\\\/\\\/youtu.be\\\/JTFFfGqr8yw&quot;,&quot;autoplay&quot;:&quot;yes&quot;,&quot;play_on_mobile&quot;:&quot;yes&quot;,&quot;loop&quot;:&quot;yes&quot;,&quot;video_type&quot;:&quot;youtube&quot;,&quot;controls&quot;:&quot;yes&quot;}\" data-widget_type=\"video.default\">\n\t\t\t\t<div class=\"elementor-widget-container\">\n\t\t\t<style>\/*! elementor - v3.16.0 - 09-10-2023 *\/\n.elementor-widget-video .elementor-widget-container{overflow:hidden;transform:translateZ(0)}.elementor-widget-video .elementor-wrapper{aspect-ratio:var(--video-aspect-ratio)}.elementor-widget-video .elementor-wrapper iframe,.elementor-widget-video .elementor-wrapper video{height:100%;width:100%;display:flex;border:none;background-color:#000}@supports not (aspect-ratio:1\/1){.elementor-widget-video .elementor-wrapper{position:relative;overflow:hidden;height:0;padding-bottom:calc(100% \/ var(--video-aspect-ratio))}.elementor-widget-video .elementor-wrapper iframe,.elementor-widget-video .elementor-wrapper video{position:absolute;top:0;right:0;bottom:0;left:0}}.elementor-widget-video .elementor-open-inline .elementor-custom-embed-image-overlay{position:absolute;top:0;right:0;bottom:0;left:0;background-size:cover;background-position:50%}.elementor-widget-video .elementor-custom-embed-image-overlay{cursor:pointer;text-align:center}.elementor-widget-video .elementor-custom-embed-image-overlay:hover .elementor-custom-embed-play i{opacity:1}.elementor-widget-video .elementor-custom-embed-image-overlay img{display:block;width:100%;aspect-ratio:var(--video-aspect-ratio);-o-object-fit:cover;object-fit:cover;-o-object-position:center center;object-position:center center}@supports not (aspect-ratio:1\/1){.elementor-widget-video .elementor-custom-embed-image-overlay{position:relative;overflow:hidden;height:0;padding-bottom:calc(100% \/ var(--video-aspect-ratio))}.elementor-widget-video .elementor-custom-embed-image-overlay img{position:absolute;top:0;right:0;bottom:0;left:0}}.elementor-widget-video .e-hosted-video .elementor-video{-o-object-fit:cover;object-fit:cover}.e-con-inner>.elementor-widget-video,.e-con>.elementor-widget-video{width:var(--container-widget-width);--flex-grow:var(--container-widget-flex-grow)}<\/style>\t\t<div class=\"elementor-wrapper elementor-open-inline\">\n\t\t\t<div class=\"elementor-video\"><\/div>\t\t<\/div>\n\t\t\t\t<\/div>\n\t\t\t\t<\/div>\n\t\t<div class=\"elementor-element elementor-element-90f150d e-flex e-con-boxed wpr-particle-no wpr-jarallax-no wpr-parallax-no wpr-sticky-section-no e-con e-child\" data-id=\"90f150d\" data-element_type=\"container\" data-settings=\"{&quot;content_width&quot;:&quot;boxed&quot;}\">\n\t\t\t\t\t<div class=\"e-con-inner\">\n\t\t<div class=\"elementor-element elementor-element-2b75c17 e-flex e-con-boxed wpr-particle-no wpr-jarallax-no wpr-parallax-no wpr-sticky-section-no e-con e-child\" data-id=\"2b75c17\" data-element_type=\"container\" data-settings=\"{&quot;background_background&quot;:&quot;classic&quot;,&quot;content_width&quot;:&quot;boxed&quot;}\">\n\t\t\t\t\t<div class=\"e-con-inner\">\n\t\t\t\t<div class=\"elementor-element elementor-element-27600a9 elementor-widget elementor-widget-heading\" data-id=\"27600a9\" data-element_type=\"widget\" data-widget_type=\"heading.default\">\n\t\t\t\t<div class=\"elementor-widget-container\">\n\t\t\t<style>\/*! elementor - v3.16.0 - 09-10-2023 *\/\n.elementor-heading-title{padding:0;margin:0;line-height:1}.elementor-widget-heading .elementor-heading-title[class*=elementor-size-]>a{color:inherit;font-size:inherit;line-height:inherit}.elementor-widget-heading .elementor-heading-title.elementor-size-small{font-size:15px}.elementor-widget-heading .elementor-heading-title.elementor-size-medium{font-size:19px}.elementor-widget-heading .elementor-heading-title.elementor-size-large{font-size:29px}.elementor-widget-heading .elementor-heading-title.elementor-size-xl{font-size:39px}.elementor-widget-heading .elementor-heading-title.elementor-size-xxl{font-size:59px}<\/style><h1 class=\"elementor-heading-title elementor-size-default\">Collection<\/h1>\t\t<\/div>\n\t\t\t\t<\/div>\n\t\t\t\t<div class=\"elementor-element elementor-element-51369fc elementor-widget elementor-widget-text-editor\" data-id=\"51369fc\" data-element_type=\"widget\" data-widget_type=\"text-editor.default\">\n\t\t\t\t<div class=\"elementor-widget-container\">\n\t\t\t<style>\/*! elementor - v3.16.0 - 09-10-2023 *\/\n.elementor-widget-text-editor.elementor-drop-cap-view-stacked .elementor-drop-cap{background-color:#69727d;color:#fff}.elementor-widget-text-editor.elementor-drop-cap-view-framed .elementor-drop-cap{color:#69727d;border:3px solid;background-color:transparent}.elementor-widget-text-editor:not(.elementor-drop-cap-view-default) .elementor-drop-cap{margin-top:8px}.elementor-widget-text-editor:not(.elementor-drop-cap-view-default) .elementor-drop-cap-letter{width:1em;height:1em}.elementor-widget-text-editor .elementor-drop-cap{float:left;text-align:center;line-height:1;font-size:50px}.elementor-widget-text-editor .elementor-drop-cap-letter{display:inline-block}<\/style>\t\t\t\t<p>Curios ouvre petit \u00e0 petit les portes de sa collection d\u2019art africain. D\u00e9couvrez des \u0153uvres originales, cr\u00e9\u00e9es par des artistes contemporains vivant au Togo, au B\u00e9nin, au Nig\u00e9ria ou encore au Congo. Une immersion dans les cultures, les traditions et les territoires, une vraie d\u00e9couverte de l&rsquo;art africain\u00a0 !<\/p>\t\t\t\t\t\t<\/div>\n\t\t\t\t<\/div>\n\t\t\t\t\t<\/div>\n\t\t\t\t<\/div>\n\t\t\t\t\t<\/div>\n\t\t\t\t<\/div>\n\t\t\t\t<div class=\"elementor-element elementor-element-19ee914 elementor-view-default elementor-widget elementor-widget-icon\" data-id=\"19ee914\" data-element_type=\"widget\" data-widget_type=\"icon.default\">\n\t\t\t\t<div class=\"elementor-widget-container\">\n\t\t\t\t\t<div class=\"elementor-icon-wrapper\">\n\t\t\t<div class=\"elementor-icon\">\n\t\t\t<i aria-hidden=\"true\" class=\"fas fa-angle-double-down\"><\/i>\t\t\t<\/div>\n\t\t<\/div>\n\t\t\t\t<\/div>\n\t\t\t\t<\/div>\n\t\t\t\t<div class=\"elementor-element elementor-element-4bfb967 elementor-grid-eael-col-2 elementor-grid-tablet-eael-col-2 elementor-grid-mobile-eael-col-1 elementor-widget elementor-widget-eael-post-grid\" data-id=\"4bfb967\" data-element_type=\"widget\" data-settings=\"{&quot;eael_post_grid_columns&quot;:&quot;eael-col-2&quot;,&quot;eael_post_grid_columns_tablet&quot;:&quot;eael-col-2&quot;,&quot;eael_post_grid_columns_mobile&quot;:&quot;eael-col-1&quot;}\" data-widget_type=\"eael-post-grid.default\">\n\t\t\t\t<div class=\"elementor-widget-container\">\n\t\t\t<div id=\"eael-post-grid-4bfb967\" class=\"eael-post-grid-container\">\n            <div class=\"eael-post-grid eael-post-appender eael-post-appender-4bfb967 eael-post-grid-style-three\" data-layout-mode=\"grid\"><article class=\"eael-grid-post eael-post-grid-column\" data-id=\"6397\">\n        <div class=\"eael-grid-post-holder\">\n            <div class=\"eael-grid-post-holder-inner\"><div class=\"eael-entry-media\"><div class=\"eael-entry-overlay fade-in\"><i class=\"\" aria-hidden=\"true\"><\/i><a href=\"https:\/\/monaideinformatique.fr\/curios\/recuperation\/\"><\/a><\/div><div class=\"eael-entry-thumbnail \">\n                 <img loading=\"lazy\" decoding=\"async\" width=\"456\" height=\"700\" src=\"https:\/\/monaideinformatique.fr\/curios\/wp-content\/uploads\/2023\/10\/azankpo-la-colonel-car-copie-456x700.webp\" class=\"attachment-medium size-medium wp-image-6257\" alt=\"Assemblage de t\u00f4le \u00e9maill\u00e9e et carton sur panneau, La colonel. Collection Curios.\" srcset=\"https:\/\/monaideinformatique.fr\/curios\/wp-content\/uploads\/2023\/10\/azankpo-la-colonel-car-copie-456x700.webp 456w, https:\/\/monaideinformatique.fr\/curios\/wp-content\/uploads\/2023\/10\/azankpo-la-colonel-car-copie.webp 514w\" sizes=\"auto, (max-width: 456px) 100vw, 456px\" \/>\n             <\/div>\n        <\/div><div class=\"eael-entry-wrapper\"><header class=\"eael-entry-header\"><h2 class=\"eael-entry-title\"><a\n                        class=\"eael-grid-post-link\"\n                        href=\"https:\/\/monaideinformatique.fr\/curios\/recuperation\/\"\n                        title=\"R\u00e9cup\u00e9ration\">R\u00e9cup\u00e9ration<\/a><\/h2><\/header><\/div><\/div>\n        <\/div>\n    <\/article><article class=\"eael-grid-post eael-post-grid-column\" data-id=\"2118\">\n        <div class=\"eael-grid-post-holder\">\n            <div class=\"eael-grid-post-holder-inner\"><div class=\"eael-entry-media\"><div class=\"eael-entry-overlay fade-in\"><i class=\"\" aria-hidden=\"true\"><\/i><a href=\"https:\/\/monaideinformatique.fr\/curios\/dessin\/\"><\/a><\/div><div class=\"eael-entry-thumbnail \">\n                 <img loading=\"lazy\" decoding=\"async\" width=\"456\" height=\"700\" src=\"https:\/\/monaideinformatique.fr\/curios\/wp-content\/uploads\/2023\/09\/twin-seven-seven-dessin-sango-display-car-copie-456x700.webp\" class=\"attachment-medium size-medium wp-image-6059\" alt=\"Dessin noir et blanc de l&#039;artiste nig\u00e9rian Twin Seven Seven. Collection Curios.\" srcset=\"https:\/\/monaideinformatique.fr\/curios\/wp-content\/uploads\/2023\/09\/twin-seven-seven-dessin-sango-display-car-copie-456x700.webp 456w, https:\/\/monaideinformatique.fr\/curios\/wp-content\/uploads\/2023\/09\/twin-seven-seven-dessin-sango-display-car-copie.webp 514w\" sizes=\"auto, (max-width: 456px) 100vw, 456px\" \/>\n             <\/div>\n        <\/div><div class=\"eael-entry-wrapper\"><header class=\"eael-entry-header\"><h2 class=\"eael-entry-title\"><a\n                        class=\"eael-grid-post-link\"\n                        href=\"https:\/\/monaideinformatique.fr\/curios\/dessin\/\"\n                        title=\"Dessin\">Dessin<\/a><\/h2><\/header><\/div><\/div>\n        <\/div>\n    <\/article><article class=\"eael-grid-post eael-post-grid-column\" data-id=\"2114\">\n        <div class=\"eael-grid-post-holder\">\n            <div class=\"eael-grid-post-holder-inner\"><div class=\"eael-entry-media\"><div class=\"eael-entry-overlay fade-in\"><i class=\"\" aria-hidden=\"true\"><\/i><a href=\"https:\/\/monaideinformatique.fr\/curios\/pointeau\/\"><\/a><\/div><div class=\"eael-entry-thumbnail \">\n                 <img loading=\"lazy\" decoding=\"async\" width=\"456\" height=\"700\" src=\"https:\/\/monaideinformatique.fr\/curios\/wp-content\/uploads\/2023\/09\/adeleke-2010-01_carroussel-copie-1-456x700.webp\" class=\"attachment-medium size-medium wp-image-2115\" alt=\"Composition au pointeau sur fer blanc de l&#039;artiste nig\u00e9rian Rabiu Adelek\u00e9. Collection Curios.\" srcset=\"https:\/\/monaideinformatique.fr\/curios\/wp-content\/uploads\/2023\/09\/adeleke-2010-01_carroussel-copie-1-456x700.webp 456w, https:\/\/monaideinformatique.fr\/curios\/wp-content\/uploads\/2023\/09\/adeleke-2010-01_carroussel-copie-1.webp 514w\" sizes=\"auto, (max-width: 456px) 100vw, 456px\" \/>\n             <\/div>\n        <\/div><div class=\"eael-entry-wrapper\"><header class=\"eael-entry-header\"><h2 class=\"eael-entry-title\"><a\n                        class=\"eael-grid-post-link\"\n                        href=\"https:\/\/monaideinformatique.fr\/curios\/pointeau\/\"\n                        title=\"Pointeau\">Pointeau<\/a><\/h2><\/header><\/div><\/div>\n        <\/div>\n    <\/article><article class=\"eael-grid-post eael-post-grid-column\" data-id=\"1847\">\n        <div class=\"eael-grid-post-holder\">\n            <div class=\"eael-grid-post-holder-inner\"><div class=\"eael-entry-media\"><div class=\"eael-entry-overlay fade-in\"><i class=\"\" aria-hidden=\"true\"><\/i><a href=\"https:\/\/monaideinformatique.fr\/curios\/collection-photographie\/\"><\/a><\/div><div class=\"eael-entry-thumbnail \">\n                 <img loading=\"lazy\" decoding=\"async\" width=\"456\" height=\"700\" src=\"https:\/\/monaideinformatique.fr\/curios\/wp-content\/uploads\/2023\/09\/do-kokou-chorale-daneho_carroussel-copie-456x700.webp\" class=\"attachment-medium size-medium wp-image-2113\" alt=\"Photographie de deux femmes sous cadre de Jacques Do Kokou, artiste Togolais, intitul\u00e9 Chorale d\u2019Aneho. Collection Curios.\" srcset=\"https:\/\/monaideinformatique.fr\/curios\/wp-content\/uploads\/2023\/09\/do-kokou-chorale-daneho_carroussel-copie-456x700.webp 456w, https:\/\/monaideinformatique.fr\/curios\/wp-content\/uploads\/2023\/09\/do-kokou-chorale-daneho_carroussel-copie.webp 514w\" sizes=\"auto, (max-width: 456px) 100vw, 456px\" \/>\n             <\/div>\n        <\/div><div class=\"eael-entry-wrapper\"><header class=\"eael-entry-header\"><h2 class=\"eael-entry-title\"><a\n                        class=\"eael-grid-post-link\"\n                        href=\"https:\/\/monaideinformatique.fr\/curios\/collection-photographie\/\"\n                        title=\"Photographie\">Photographie<\/a><\/h2><\/header><\/div><\/div>\n        <\/div>\n    <\/article><article class=\"eael-grid-post eael-post-grid-column\" data-id=\"1521\">\n        <div class=\"eael-grid-post-holder\">\n            <div class=\"eael-grid-post-holder-inner\"><div class=\"eael-entry-media\"><div class=\"eael-entry-overlay fade-in\"><i class=\"\" aria-hidden=\"true\"><\/i><a href=\"https:\/\/monaideinformatique.fr\/curios\/peinture\/\"><\/a><\/div><div class=\"eael-entry-thumbnail \">\n                 <img loading=\"lazy\" decoding=\"async\" width=\"456\" height=\"700\" src=\"https:\/\/monaideinformatique.fr\/curios\/wp-content\/uploads\/2023\/09\/twin-seven-seven_spirit-of-healing_carroussel-copie-456x700.webp\" class=\"attachment-medium size-medium wp-image-2124\" alt=\"Une peinture de l&#039;artiste Nig\u00e9rian Twin Seven seven. Collection Curios.\" srcset=\"https:\/\/monaideinformatique.fr\/curios\/wp-content\/uploads\/2023\/09\/twin-seven-seven_spirit-of-healing_carroussel-copie-456x700.webp 456w, https:\/\/monaideinformatique.fr\/curios\/wp-content\/uploads\/2023\/09\/twin-seven-seven_spirit-of-healing_carroussel-copie.webp 514w\" sizes=\"auto, (max-width: 456px) 100vw, 456px\" \/>\n             <\/div>\n        <\/div><div class=\"eael-entry-wrapper\"><header class=\"eael-entry-header\"><h2 class=\"eael-entry-title\"><a\n                        class=\"eael-grid-post-link\"\n                        href=\"https:\/\/monaideinformatique.fr\/curios\/peinture\/\"\n                        title=\"Peinture\">Peinture<\/a><\/h2><\/header><\/div><\/div>\n        <\/div>\n    <\/article><\/div>\n            <div class=\"clearfix\"><\/div>\n        <\/div>\t\t<\/div>\n\t\t\t\t<\/div>\n\t\t\t\t\t<\/div>\n\t\t\t\t<\/div>\n\t\t<div class=\"elementor-element elementor-element-746c5da e-flex e-con-boxed wpr-particle-no wpr-jarallax-no wpr-parallax-no wpr-sticky-section-no e-con e-parent\" data-id=\"746c5da\" data-element_type=\"container\" data-settings=\"{&quot;content_width&quot;:&quot;boxed&quot;}\" data-core-v316-plus=\"true\">\n\t\t\t\t\t<div class=\"e-con-inner\">\n\t\t\t\t<div class=\"elementor-element elementor-element-b1a632f wpr-stt-btn-align-inline elementor-widget elementor-widget-wpr-back-to-top\" data-id=\"b1a632f\" data-element_type=\"widget\" data-widget_type=\"wpr-back-to-top.default\">\n\t\t\t\t<div class=\"elementor-widget-container\">\n\t\t\t<div class=\"wpr-stt-wrapper\"><div class='wpr-stt-btn' data-settings='{\"animation\":\"fade\",\"animationOffset\":0,\"animationDuration\":200,\"fixed\":\"inline\",\"scrolAnim\":800}'><span class=\"wpr-stt-icon\"><i class=\"fas fa-chevron-up\"><\/i><\/span><\/div><\/div>\t\t<\/div>\n\t\t\t\t<\/div>\n\t\t\t\t\t<\/div>\n\t\t\t\t<\/div>\n\t\t\t\t\t\t\t<\/div>\n\t\t","protected":false},"excerpt":{"rendered":"<p>Collection Curios ouvre petit \u00e0 petit les portes de sa collection d\u2019art africain. D\u00e9couvrez des \u0153uvres originales, cr\u00e9\u00e9es par des artistes contemporains vivant au Togo, au B\u00e9nin, au Nig\u00e9ria ou encore au Congo. Une immersion dans les cultures, les traditions et les territoires, une vraie d\u00e9couverte de l&rsquo;art africain\u00a0 ! R\u00e9cup\u00e9ration Dessin Pointeau Photographie Peinture<\/p>\n","protected":false},"author":2,"featured_media":1705,"parent":0,"menu_order":0,"comment_status":"closed","ping_status":"closed","template":"","meta":{"footnotes":""},"class_list":["post-39","page","type-page","status-publish","has-post-thumbnail","hentry"],"yoast_head":"<!-- This site is optimized with the Yoast SEO plugin v21.4 - https:\/\/yoast.com\/wordpress\/plugins\/seo\/ -->\n<title>Collection - CURIOS, l&#039;art africain d&#039;aujourd&#039;hui<\/title>\n<meta name=\"description\" content=\"Immergez-vous dans l&#039;art africain d&#039;aujourd&#039;hui, entrez dans la collection de Curios ! Voyagez au coeur des oeuvres et de leur histoire.\" \/>\n<meta name=\"robots\" content=\"index, follow, max-snippet:-1, max-image-preview:large, max-video-preview:-1\" \/>\n<link rel=\"canonical\" href=\"https:\/\/monaideinformatique.fr\/curios\/collection-curios\/\" \/>\n<meta property=\"og:locale\" content=\"fr_FR\" \/>\n<meta property=\"og:type\" content=\"article\" \/>\n<meta property=\"og:title\" content=\"Collection - CURIOS, l&#039;art africain d&#039;aujourd&#039;hui\" \/>\n<meta property=\"og:description\" content=\"Immergez-vous dans l&#039;art africain d&#039;aujourd&#039;hui, entrez dans la collection de Curios ! Voyagez au coeur des oeuvres et de leur histoire.\" \/>\n<meta property=\"og:url\" content=\"https:\/\/monaideinformatique.fr\/curios\/collection-curios\/\" \/>\n<meta property=\"og:site_name\" content=\"CURIOS, l&#039;art africain d&#039;aujourd&#039;hui\" \/>\n<meta property=\"article:modified_time\" content=\"2023-11-30T22:58:02+00:00\" \/>\n<meta property=\"og:image\" content=\"https:\/\/monaideinformatique.fr\/curios\/wp-content\/uploads\/2023\/09\/twin-seven-seven_twins-festival.jpg\" \/>\n\t<meta property=\"og:image:width\" content=\"1388\" \/>\n\t<meta property=\"og:image:height\" content=\"1080\" \/>\n\t<meta property=\"og:image:type\" content=\"image\/jpeg\" \/>\n<meta name=\"twitter:card\" content=\"summary_large_image\" \/>\n<meta name=\"twitter:label1\" content=\"Dur\u00e9e de lecture estim\u00e9e\" \/>\n\t<meta name=\"twitter:data1\" content=\"2 minutes\" \/>\n<script type=\"application\/ld+json\" class=\"yoast-schema-graph\">{\"@context\":\"https:\/\/schema.org\",\"@graph\":[{\"@type\":\"WebPage\",\"@id\":\"https:\/\/monaideinformatique.fr\/curios\/collection-curios\/\",\"url\":\"https:\/\/monaideinformatique.fr\/curios\/collection-curios\/\",\"name\":\"Collection - CURIOS, l&#039;art africain d&#039;aujourd&#039;hui\",\"isPartOf\":{\"@id\":\"https:\/\/monaideinformatique.fr\/curios\/#website\"},\"datePublished\":\"2023-06-28T10:32:21+00:00\",\"dateModified\":\"2023-11-30T22:58:02+00:00\",\"description\":\"Immergez-vous dans l'art africain d'aujourd'hui, entrez dans la collection de Curios ! Voyagez au coeur des oeuvres et de leur histoire.\",\"breadcrumb\":{\"@id\":\"https:\/\/monaideinformatique.fr\/curios\/collection-curios\/#breadcrumb\"},\"inLanguage\":\"fr-FR\",\"potentialAction\":[{\"@type\":\"ReadAction\",\"target\":[\"https:\/\/monaideinformatique.fr\/curios\/collection-curios\/\"]}]},{\"@type\":\"BreadcrumbList\",\"@id\":\"https:\/\/monaideinformatique.fr\/curios\/collection-curios\/#breadcrumb\",\"itemListElement\":[{\"@type\":\"ListItem\",\"position\":1,\"name\":\"Accueil\",\"item\":\"https:\/\/monaideinformatique.fr\/curios\/\"},{\"@type\":\"ListItem\",\"position\":2,\"name\":\"Collection\"}]},{\"@type\":\"WebSite\",\"@id\":\"https:\/\/monaideinformatique.fr\/curios\/#website\",\"url\":\"https:\/\/monaideinformatique.fr\/curios\/\",\"name\":\"CURIOS, l&#039;art africain d&#039;aujourd&#039;hui\",\"description\":\"Objets d&#039;exception, artistes de talent, immersion dans les origines de l&#039;\u0153uvre : bienvenue dans la galerie Curios.\",\"publisher\":{\"@id\":\"https:\/\/monaideinformatique.fr\/curios\/#organization\"},\"potentialAction\":[{\"@type\":\"SearchAction\",\"target\":{\"@type\":\"EntryPoint\",\"urlTemplate\":\"https:\/\/monaideinformatique.fr\/curios\/?s={search_term_string}\"},\"query-input\":\"required name=search_term_string\"}],\"inLanguage\":\"fr-FR\"},{\"@type\":\"Organization\",\"@id\":\"https:\/\/monaideinformatique.fr\/curios\/#organization\",\"name\":\"CURIOS, l&#039;art africain d&#039;aujourd&#039;hui\",\"url\":\"https:\/\/monaideinformatique.fr\/curios\/\",\"logo\":{\"@type\":\"ImageObject\",\"inLanguage\":\"fr-FR\",\"@id\":\"https:\/\/monaideinformatique.fr\/curios\/#\/schema\/logo\/image\/\",\"url\":\"https:\/\/monaideinformatique.fr\/curios\/wp-content\/uploads\/2023\/07\/logo-curios-simple-1.svg\",\"contentUrl\":\"https:\/\/monaideinformatique.fr\/curios\/wp-content\/uploads\/2023\/07\/logo-curios-simple-1.svg\",\"width\":223,\"height\":81,\"caption\":\"CURIOS, l&#039;art africain d&#039;aujourd&#039;hui\"},\"image\":{\"@id\":\"https:\/\/monaideinformatique.fr\/curios\/#\/schema\/logo\/image\/\"}}]}<\/script>\n<!-- \/ Yoast SEO plugin. -->","yoast_head_json":{"title":"Collection - CURIOS, l&#039;art africain d&#039;aujourd&#039;hui","description":"Immergez-vous dans l'art africain d'aujourd'hui, entrez dans la collection de Curios ! Voyagez au coeur des oeuvres et de leur histoire.","robots":{"index":"index","follow":"follow","max-snippet":"max-snippet:-1","max-image-preview":"max-image-preview:large","max-video-preview":"max-video-preview:-1"},"canonical":"https:\/\/monaideinformatique.fr\/curios\/collection-curios\/","og_locale":"fr_FR","og_type":"article","og_title":"Collection - CURIOS, l&#039;art africain d&#039;aujourd&#039;hui","og_description":"Immergez-vous dans l'art africain d'aujourd'hui, entrez dans la collection de Curios ! Voyagez au coeur des oeuvres et de leur histoire.","og_url":"https:\/\/monaideinformatique.fr\/curios\/collection-curios\/","og_site_name":"CURIOS, l&#039;art africain d&#039;aujourd&#039;hui","article_modified_time":"2023-11-30T22:58:02+00:00","og_image":[{"width":1388,"height":1080,"url":"https:\/\/monaideinformatique.fr\/curios\/wp-content\/uploads\/2023\/09\/twin-seven-seven_twins-festival.jpg","type":"image\/jpeg"}],"twitter_card":"summary_large_image","twitter_misc":{"Dur\u00e9e de lecture estim\u00e9e":"2 minutes"},"schema":{"@context":"https:\/\/schema.org","@graph":[{"@type":"WebPage","@id":"https:\/\/monaideinformatique.fr\/curios\/collection-curios\/","url":"https:\/\/monaideinformatique.fr\/curios\/collection-curios\/","name":"Collection - CURIOS, l&#039;art africain d&#039;aujourd&#039;hui","isPartOf":{"@id":"https:\/\/monaideinformatique.fr\/curios\/#website"},"datePublished":"2023-06-28T10:32:21+00:00","dateModified":"2023-11-30T22:58:02+00:00","description":"Immergez-vous dans l'art africain d'aujourd'hui, entrez dans la collection de Curios ! Voyagez au coeur des oeuvres et de leur histoire.","breadcrumb":{"@id":"https:\/\/monaideinformatique.fr\/curios\/collection-curios\/#breadcrumb"},"inLanguage":"fr-FR","potentialAction":[{"@type":"ReadAction","target":["https:\/\/monaideinformatique.fr\/curios\/collection-curios\/"]}]},{"@type":"BreadcrumbList","@id":"https:\/\/monaideinformatique.fr\/curios\/collection-curios\/#breadcrumb","itemListElement":[{"@type":"ListItem","position":1,"name":"Accueil","item":"https:\/\/monaideinformatique.fr\/curios\/"},{"@type":"ListItem","position":2,"name":"Collection"}]},{"@type":"WebSite","@id":"https:\/\/monaideinformatique.fr\/curios\/#website","url":"https:\/\/monaideinformatique.fr\/curios\/","name":"CURIOS, l&#039;art africain d&#039;aujourd&#039;hui","description":"Objets d&#039;exception, artistes de talent, immersion dans les origines de l&#039;\u0153uvre : bienvenue dans la galerie Curios.","publisher":{"@id":"https:\/\/monaideinformatique.fr\/curios\/#organization"},"potentialAction":[{"@type":"SearchAction","target":{"@type":"EntryPoint","urlTemplate":"https:\/\/monaideinformatique.fr\/curios\/?s={search_term_string}"},"query-input":"required name=search_term_string"}],"inLanguage":"fr-FR"},{"@type":"Organization","@id":"https:\/\/monaideinformatique.fr\/curios\/#organization","name":"CURIOS, l&#039;art africain d&#039;aujourd&#039;hui","url":"https:\/\/monaideinformatique.fr\/curios\/","logo":{"@type":"ImageObject","inLanguage":"fr-FR","@id":"https:\/\/monaideinformatique.fr\/curios\/#\/schema\/logo\/image\/","url":"https:\/\/monaideinformatique.fr\/curios\/wp-content\/uploads\/2023\/07\/logo-curios-simple-1.svg","contentUrl":"https:\/\/monaideinformatique.fr\/curios\/wp-content\/uploads\/2023\/07\/logo-curios-simple-1.svg","width":223,"height":81,"caption":"CURIOS, l&#039;art africain d&#039;aujourd&#039;hui"},"image":{"@id":"https:\/\/monaideinformatique.fr\/curios\/#\/schema\/logo\/image\/"}}]}},"_links":{"self":[{"href":"https:\/\/monaideinformatique.fr\/curios\/wp-json\/wp\/v2\/pages\/39","targetHints":{"allow":["GET"]}}],"collection":[{"href":"https:\/\/monaideinformatique.fr\/curios\/wp-json\/wp\/v2\/pages"}],"about":[{"href":"https:\/\/monaideinformatique.fr\/curios\/wp-json\/wp\/v2\/types\/page"}],"author":[{"embeddable":true,"href":"https:\/\/monaideinformatique.fr\/curios\/wp-json\/wp\/v2\/users\/2"}],"replies":[{"embeddable":true,"href":"https:\/\/monaideinformatique.fr\/curios\/wp-json\/wp\/v2\/comments?post=39"}],"version-history":[{"count":66,"href":"https:\/\/monaideinformatique.fr\/curios\/wp-json\/wp\/v2\/pages\/39\/revisions"}],"predecessor-version":[{"id":7361,"href":"https:\/\/monaideinformatique.fr\/curios\/wp-json\/wp\/v2\/pages\/39\/revisions\/7361"}],"wp:featuredmedia":[{"embeddable":true,"href":"https:\/\/monaideinformatique.fr\/curios\/wp-json\/wp\/v2\/media\/1705"}],"wp:attachment":[{"href":"https:\/\/monaideinformatique.fr\/curios\/wp-json\/wp\/v2\/media?parent=39"}],"curies":[{"name":"wp","href":"https:\/\/api.w.org\/{rel}","templated":true}]}}